{"id":206,"date":"2019-06-14T20:17:45","date_gmt":"2019-06-14T20:17:45","guid":{"rendered":"https:\/\/www.performaempleo.com\/?page_id=206"},"modified":"2019-07-25T00:44:35","modified_gmt":"2019-07-25T00:44:35","slug":"inicio-empleo-empresas-aplicacion-perfil-aplica","status":"publish","type":"page","link":"https:\/\/www.performaempleo.com\/","title":{"rendered":"INICIO"},"content":{"rendered":"<p>[et_pb_section fb_built=&#8221;1&#8243; fullwidth=&#8221;on&#8221; _builder_version=&#8221;3.17.2&#8243; custom_padding=&#8221;0|0px|0|0px|false|false&#8221; animation_style=&#8221;slide&#8221; animation_duration=&#8221;1100ms&#8221; hover_enabled=&#8221;0&#8243; hover_transition_speed_curve=&#8221;ease-in-out&#8221; max_width_last_edited=&#8221;on|desktop&#8221; max_width_phone=&#8221;100%&#8221;][et_pb_fullwidth_slider _builder_version=&#8221;3.17.2&#8243; auto=&#8221;on&#8221; auto_ignore_hover=&#8221;on&#8221; hover_transition_speed_curve=&#8221;ease-in-out&#8221; header_font=&#8221;||||||||&#8221; body_font=&#8221;||||||||&#8221;][et_pb_slide _builder_version=&#8221;3.17.2&#8243; background_image=&#8221;https:\/\/www.performaempleo.com\/wp-content\/uploads\/2019\/06\/1-2.png&#8221; background_size=&#8221;contain&#8221; custom_padding=&#8221;603px|82px|255px|0px&#8221; hover_transition_duration=&#8221;50ms&#8221; hover_transition_delay=&#8221;50ms&#8221; hover_transition_speed_curve=&#8221;linear&#8221;][\/et_pb_slide][et_pb_slide arrows_custom_color=&#8221;#ffffff&#8221; dot_nav_custom_color=&#8221;#ffffff&#8221; _builder_version=&#8221;3.17.2&#8243; background_image=&#8221;https:\/\/www.performaempleo.com\/wp-content\/uploads\/2019\/06\/2-2.png&#8221; background_size=&#8221;contain&#8221; custom_padding=&#8221;603px|82px|255px|0px&#8221; hover_transition_duration=&#8221;50ms&#8221; hover_transition_delay=&#8221;50ms&#8221; hover_transition_speed_curve=&#8221;linear&#8221;][\/et_pb_slide][et_pb_slide _builder_version=&#8221;3.17.2&#8243; background_image=&#8221;https:\/\/www.performaempleo.com\/wp-content\/uploads\/2019\/06\/4.png&#8221; background_size=&#8221;contain&#8221; custom_padding=&#8221;603px|82px|255px|0px&#8221; hover_transition_duration=&#8221;50ms&#8221; hover_transition_delay=&#8221;50ms&#8221; hover_transition_speed_curve=&#8221;linear&#8221;][\/et_pb_slide][et_pb_slide _builder_version=&#8221;3.17.2&#8243; background_image=&#8221;https:\/\/www.performaempleo.com\/wp-content\/uploads\/2019\/06\/3-3.png&#8221; background_size=&#8221;contain&#8221; custom_padding=&#8221;603px|82px|255px|0px&#8221; hover_transition_duration=&#8221;50ms&#8221; hover_transition_delay=&#8221;50ms&#8221; hover_transition_speed_curve=&#8221;linear&#8221;][\/et_pb_slide][\/et_pb_fullwidth_slider][et_pb_fullwidth_header scroll_down_icon_size=&#8221;7px&#8221; _builder_version=&#8221;3.17.2&#8243; title_font=&#8221;Verdana||||||||&#8221; background_image=&#8221;https:\/\/www.performaempleo.com\/wp-content\/uploads\/2019\/06\/ben-sweet-456320-unsplash.jpg&#8221; custom_button_one=&#8221;on&#8221; button_one_text_color=&#8221;#ffffff&#8221; button_one_font=&#8221;||||||||&#8221; background_layout=&#8221;light&#8221; child_filter_hue_rotate=&#8221;284deg&#8221; child_filter_saturate=&#8221;173%&#8221; child_filter_brightness=&#8221;5%&#8221; child_filter_contrast=&#8221;156%&#8221; child_filter_invert=&#8221;8%&#8221; child_filter_opacity=&#8221;46%&#8221; inline_fonts=&#8221;Archivo Black&#8221;]<\/p>\n<h1><strong><span style=\"color: #ffffff\">BIENVENIDOS<\/span><\/strong><\/h1>\n<h2><span style=\"color: #ffffff\"><em>Identificadores del talento humano<\/em><\/span><\/h2>\n<p><span style=\"color: #ffffff\">\u00bfEst\u00e1s buscas empleo? aplica a nuestras vacantes actuales. Somos un portal confiable y de respuesta inmediata.<\/span>[\/et_pb_fullwidth_header][\/et_pb_section][et_pb_section fb_built=&#8221;1&#8243; inner_shadow=&#8221;on&#8221; _builder_version=&#8221;3.17.2&#8243; background_image=&#8221;https:\/\/www.performaempleo.com\/wp-content\/uploads\/2019\/06\/PERFORMA-EMPLEO-1.png&#8221; max_width_phone=&#8221;86%&#8221; max_width_last_edited=&#8221;on|phone&#8221; module_alignment=&#8221;center&#8221; custom_padding=&#8221;0|0px|91px|0px|false|false&#8221; top_divider_style=&#8221;slant&#8221; top_divider_color=&#8221;#38b6ff&#8221; top_divider_height=&#8221;47px&#8221; top_divider_flip=&#8221;horizontal&#8221; bottom_divider_style=&#8221;ramp&#8221; bottom_divider_color=&#8221;#e76e1f&#8221;][et_pb_row custom_padding=&#8221;12px|0px|66px|0px|false|false&#8221; _builder_version=&#8221;3.17.2&#8243;][et_pb_column type=&#8221;4_4&#8243; _builder_version=&#8221;3.17.2&#8243; parallax=&#8221;off&#8221; parallax_method=&#8221;on&#8221;][et_pb_text _builder_version=&#8221;3.17.2&#8243; header_font=&#8221;||||||||&#8221; header_6_font=&#8221;||||||||&#8221;]&nbsp;<\/p>\n<h1 style=\"text-align: center\"><strong><span style=\"color: #ffffff\">RRHH PERFORMA EMPLEO EL SALVADOR<\/span><\/strong><\/h1>\n<p>&nbsp;<\/p>\n<p style=\"text-align: center\"><span style=\"color: #ffffff\">Te ayudamos a encontrar el empleo ideal para ti.&nbsp; Aplica en nuestras vacantes actuales ya que empresas salvadore\u00f1as est\u00e1n en busca de tu perfil,&nbsp; para que logres tus metas profesionales y personales.<\/span><\/p>\n<p>[\/et_pb_text][\/et_pb_column][\/et_pb_row][et_pb_row custom_padding=&#8221;0|0px|1px|0px|false|false&#8221; _builder_version=&#8221;3.17.2&#8243;][et_pb_column type=&#8221;1_2&#8243; _builder_version=&#8221;3.17.2&#8243; parallax=&#8221;off&#8221; parallax_method=&#8221;on&#8221;][et_pb_image src=&#8221;https:\/\/www.performaempleo.com\/wp-content\/uploads\/2019\/06\/b9ee05a6d635302ba7bcfd32e8cdfb4a.jpg&#8221; _builder_version=&#8221;3.17.2&#8243;][\/et_pb_image][\/et_pb_column][et_pb_column type=&#8221;1_2&#8243; _builder_version=&#8221;3.17.2&#8243; parallax=&#8221;off&#8221; parallax_method=&#8221;on&#8221;][et_pb_text _builder_version=&#8221;3.17.2&#8243;]<span style=\"color: #ffffff\"><\/span><\/p>\n<blockquote><p><span style=\"color: #ffffff\">Realizamos la intermediaci\u00f3n de empleo, facilitando la contrataci\u00f3n y colocaci\u00f3n ante los demandantes de empleo de las empresas activas.&nbsp;<\/span><\/p>\n<p><span style=\"color: #ffffff\">Somos un canal seguro y confiable para ubicarte en un empleo.&nbsp;<\/span><\/p><\/blockquote>\n<p>[\/et_pb_text][\/et_pb_column][\/et_pb_row][et_pb_row _builder_version=&#8221;3.17.2&#8243;][et_pb_column type=&#8221;4_4&#8243; _builder_version=&#8221;3.17.2&#8243; parallax=&#8221;off&#8221; parallax_method=&#8221;on&#8221;][et_pb_button button_url=&#8221;https:\/\/www.performaempleo.com\/?page_id=43(abre%20en%20una%20nueva%20pesta\u00f1a)&#8221; button_text=&#8221;APLICAR&#8221; button_alignment=&#8221;center&#8221; _builder_version=&#8221;3.17.2&#8243; custom_button=&#8221;on&#8221; button_font=&#8221;||||||||&#8221; box_shadow_style=&#8221;preset2&#8243; background_layout=&#8221;dark&#8221; animation_style=&#8221;fold&#8221;][\/et_pb_button][\/et_pb_column][\/et_pb_row][et_pb_row custom_padding=&#8221;60px|0px|11px|0px|false|false&#8221; _builder_version=&#8221;3.17.2&#8243;][et_pb_column type=&#8221;4_4&#8243; _builder_version=&#8221;3.17.2&#8243; parallax=&#8221;off&#8221; parallax_method=&#8221;on&#8221;][et_pb_text _builder_version=&#8221;3.17.2&#8243;]<\/p>\n<h1 style=\"text-align: center\"><span style=\"color: #ffffff\"><strong>ERES UNA EMPRESA<\/strong><\/span><\/h1>\n<p style=\"text-align: center\"><span style=\"color: #ffffff\">Contrata con nosotros, ahorra tiempo y dinero con nuestros servicios , nos convertimos en un aliado <span>estrat\u00e9gico<\/span>&nbsp;para ti en materia de reclutamiento para llevarte el personal <span>id\u00f3neo. Nos preocupamos por hacer la filtraci\u00f3n de perfiles especialmente para ti.&nbsp;<\/span><\/span><\/p>\n<p>[\/et_pb_text][\/et_pb_column][\/et_pb_row][et_pb_row custom_padding=&#8221;0|0px|0|0px|false|false&#8221; _builder_version=&#8221;3.17.2&#8243;][et_pb_column type=&#8221;1_2&#8243; _builder_version=&#8221;3.17.2&#8243; parallax=&#8221;off&#8221; parallax_method=&#8221;on&#8221;][et_pb_text _builder_version=&#8221;3.17.2&#8243;]<span style=\"color: #ffffff;font-size: 17px;text-align: center\"><\/span><\/p>\n<blockquote><p><span style=\"color: #ffffff;font-size: 17px;text-align: center\">Te ofrecemos garant\u00eda en nuestros servicios. Cotiza, compara y ahorra. Buscamos ser apoyo y soluci\u00f3n&nbsp; para las empresas a trav\u00e9s de la&nbsp; gesti\u00f3n de capital humano.<\/span><span style=\"color: #ffffff\"><\/span><\/p>\n<p style=\"text-align: left\"><span style=\"color: #ffffff\">Selecci\u00f3n y reclutamiento: Con nuestro proceso especializado atraemos individuos oportunamente en suficiente n\u00famero y con los debidos atributos y exigencias que se soliciten.<\/span><\/p>\n<\/blockquote>\n<p>&nbsp;[\/et_pb_text][et_pb_button button_url=&#8221;https:\/\/www.performaempleo.com\/?page_id=327(abre%20en%20una%20nueva%20pesta\u00f1a)&#8221; button_text=&#8221;SERVICIOS&#8221; button_alignment=&#8221;center&#8221; _builder_version=&#8221;3.17.2&#8243; custom_button=&#8221;on&#8221; button_font=&#8221;||||||||&#8221; button_icon=&#8221;%%28%%&#8221; button_text_shadow_style=&#8221;preset1&#8243; background_layout=&#8221;dark&#8221; animation_style=&#8221;bounce&#8221;][\/et_pb_button][\/et_pb_column][et_pb_column type=&#8221;1_2&#8243; _builder_version=&#8221;3.17.2&#8243; parallax=&#8221;off&#8221; parallax_method=&#8221;on&#8221;][et_pb_image src=&#8221;https:\/\/www.performaempleo.com\/wp-content\/uploads\/2019\/06\/fa869e4984ed5c793b6951a2fdd2adae.jpg&#8221; _builder_version=&#8221;3.17.2&#8243;][\/et_pb_image][\/et_pb_column][\/et_pb_row][\/et_pb_section][et_pb_section fb_built=&#8221;1&#8243; _builder_version=&#8221;3.17.2&#8243; custom_padding=&#8221;36px|0px|0|0px|false|false&#8221;][et_pb_row custom_padding=&#8221;0|0px|0|0px|false|false&#8221; _builder_version=&#8221;3.17.2&#8243;][et_pb_column type=&#8221;4_4&#8243; _builder_version=&#8221;3.17.2&#8243; parallax=&#8221;off&#8221; parallax_method=&#8221;on&#8221;][et_pb_text _builder_version=&#8221;3.17.2&#8243; text_font=&#8221;||||||||&#8221; ul_font=&#8221;||||||||&#8221; header_font=&#8221;||||||||&#8221; header_text_align=&#8221;center&#8221; header_2_font=&#8221;||||||||&#8221; header_3_font=&#8221;||||||||&#8221; text_orientation=&#8221;center&#8221;]<\/p>\n<h1>CONTACTO Y UBICACI\u00d3N<\/h1>\n<p>[\/et_pb_text][\/et_pb_column][\/et_pb_row][\/et_pb_section][et_pb_section fb_built=&#8221;1&#8243; _builder_version=&#8221;3.17.2&#8243;][et_pb_row _builder_version=&#8221;3.17.2&#8243;][et_pb_column type=&#8221;1_2&#8243; _builder_version=&#8221;3.17.2&#8243; parallax=&#8221;off&#8221; parallax_method=&#8221;on&#8221;][et_pb_code _builder_version=&#8221;3.17.2&#8243;][\/et_pb_code][et_pb_code _builder_version=&#8221;3.17.2&#8243;]&lt;iframe src=&quot;https:\/\/www.google.com\/maps\/embed?pb=!1m14!1m8!1m3!1d15503.941406620705!2d-89.209627!3d13.7193366!3m2!1i1024!2i768!4f13.1!3m3!1m2!1s0x0%3A0xbe7d5f205841589d!2sPerforma+Empleo!5e0!3m2!1ses!2ssv!4v1561586287126!5m2!1ses!2ssv&quot; width=&quot;600&quot; height=&quot;450&quot; frameborder=&quot;0&quot; style=&quot;border:0&quot; allowfullscreen&gt;&lt;\/iframe&gt;&lt;!&#8211; [et_pb_line_break_holder] &#8211;&gt;[\/et_pb_code][\/et_pb_column][et_pb_column type=&#8221;1_2&#8243; _builder_version=&#8221;3.17.2&#8243; parallax=&#8221;off&#8221; parallax_method=&#8221;on&#8221;][et_pb_text _builder_version=&#8221;3.17.2&#8243;]<\/p>\n<p>&nbsp;<\/p>\n<p>&nbsp;<\/p>\n<p><strong>CORREO ELECTR\u00d3NICO:\u00a0<\/strong><\/p>\n<p><span style=\"color: #0c71c3; font-size: 17px;\">contacto@performaempleo.com<\/span><\/p>\n<p><strong>TEL:\u00a0<\/strong><span style=\"color: #0c71c3;\">+(503)\u00a0 21245260\u00a0<\/span><\/p>\n<p><strong>DIRECCI\u00d3N:<\/strong><\/p>\n<p><span style=\"color: #0c71c3;\">Calle las Violetas y Avenida Los lirios #93 \/Urbanizaci\u00f3n Universitaria.\u00a0San Salvador \/ El Salvador<\/span><\/p>\n<p>[\/et_pb_text][\/et_pb_column][\/et_pb_row][\/et_pb_section]<\/p>\n","protected":false},"excerpt":{"rendered":"<p>[et_pb_section fb_built=&#8221;1&#8243; fullwidth=&#8221;on&#8221; _builder_version=&#8221;3.17.2&#8243; custom_padding=&#8221;0|0px|0|0px|false|false&#8221; animation_style=&#8221;slide&#8221; animation_duration=&#8221;1100ms&#8221; hover_enabled=&#8221;0&#8243; hover_transition_speed_curve=&#8221;ease-in-out&#8221; max_width_last_edited=&#8221;on|desktop&#8221; max_width_phone=&#8221;100%&#8221;][et_pb_fullwidth_slider _builder_version=&#8221;3.17.2&#8243; auto=&#8221;on&#8221; auto_ignore_hover=&#8221;on&#8221; hover_transition_speed_curve=&#8221;ease-in-out&#8221; header_font=&#8221;||||||||&#8221; body_font=&#8221;||||||||&#8221;][et_pb_slide _builder_version=&#8221;3.17.2&#8243; background_image=&#8221;https:\/\/www.performaempleo.com\/wp-content\/uploads\/2019\/06\/1-2.png&#8221; background_size=&#8221;contain&#8221; custom_padding=&#8221;603px|82px|255px|0px&#8221; hover_transition_duration=&#8221;50ms&#8221; hover_transition_delay=&#8221;50ms&#8221; hover_transition_speed_curve=&#8221;linear&#8221;][\/et_pb_slide][et_pb_slide arrows_custom_color=&#8221;#ffffff&#8221; dot_nav_custom_color=&#8221;#ffffff&#8221; _builder_version=&#8221;3.17.2&#8243; background_image=&#8221;https:\/\/www.performaempleo.com\/wp-content\/uploads\/2019\/06\/2-2.png&#8221; background_size=&#8221;contain&#8221; custom_padding=&#8221;603px|82px|255px|0px&#8221; hover_transition_duration=&#8221;50ms&#8221; hover_transition_delay=&#8221;50ms&#8221; hover_transition_speed_curve=&#8221;linear&#8221;][\/et_pb_slide][et_pb_slide _builder_version=&#8221;3.17.2&#8243; background_image=&#8221;https:\/\/www.performaempleo.com\/wp-content\/uploads\/2019\/06\/4.png&#8221; background_size=&#8221;contain&#8221; custom_padding=&#8221;603px|82px|255px|0px&#8221; hover_transition_duration=&#8221;50ms&#8221; hover_transition_delay=&#8221;50ms&#8221; hover_transition_speed_curve=&#8221;linear&#8221;][\/et_pb_slide][et_pb_slide _builder_version=&#8221;3.17.2&#8243; background_image=&#8221;https:\/\/www.performaempleo.com\/wp-content\/uploads\/2019\/06\/3-3.png&#8221; background_size=&#8221;contain&#8221; custom_padding=&#8221;603px|82px|255px|0px&#8221; hover_transition_duration=&#8221;50ms&#8221; hover_transition_delay=&#8221;50ms&#8221; hover_transition_speed_curve=&#8221;linear&#8221;][\/et_pb_slide][\/et_pb_fullwidth_slider][et_pb_fullwidth_header scroll_down_icon_size=&#8221;7px&#8221; _builder_version=&#8221;3.17.2&#8243; title_font=&#8221;Verdana||||||||&#8221; background_image=&#8221;https:\/\/www.performaempleo.com\/wp-content\/uploads\/2019\/06\/ben-sweet-456320-unsplash.jpg&#8221; custom_button_one=&#8221;on&#8221; button_one_text_color=&#8221;#ffffff&#8221; button_one_font=&#8221;||||||||&#8221; background_layout=&#8221;light&#8221; [&hellip;]<\/p>\n","protected":false},"author":2,"featured_media":0,"parent":0,"menu_order":0,"comment_status":"closed","ping_status":"closed","template":"","meta":[],"yoast_head":"<!-- This site is optimized with the Yoast SEO plugin v14.9 - https:\/\/yoast.com\/wordpress\/plugins\/seo\/ -->\n<title>Performa Empleo Identificadores del talento humano &laquo;<\/title>\n<meta name=\"description\" content=\"te ayudamos a encontrar el emplo ideal para ti, empresas salvadore\u00f1as buscan tu perfil aplica con nosotros. Eres empresa contrata a trav\u00e9s de nuestro canal.\" \/>\n<meta name=\"robots\" content=\"noindex, follow, max-snippet:-1, max-image-preview:large, max-video-preview:-1\" \/>\n<meta property=\"og:locale\" content=\"es_ES\" \/>\n<meta property=\"og:type\" content=\"article\" \/>\n<meta property=\"og:title\" content=\"Performa Empleo Identificadores del talento humano &laquo;\" \/>\n<meta property=\"og:description\" content=\"te ayudamos a encontrar el emplo ideal para ti, empresas salvadore\u00f1as buscan tu perfil aplica con nosotros. Eres empresa contrata a trav\u00e9s de nuestro canal.\" \/>\n<meta property=\"og:url\" content=\"https:\/\/www.performaempleo.com\/\" \/>\n<meta property=\"og:site_name\" content=\"Performa Empleo\" \/>\n<meta property=\"article:publisher\" content=\"https:\/\/es-la.facebook.com\/herosoluciones\/\" \/>\n<meta property=\"article:modified_time\" content=\"2019-07-25T00:44:35+00:00\" \/>\n<meta name=\"twitter:card\" content=\"summary_large_image\" \/>\n<script type=\"application\/ld+json\" class=\"yoast-schema-graph\">{\"@context\":\"https:\/\/schema.org\",\"@graph\":[{\"@type\":\"Organization\",\"@id\":\"https:\/\/www.performaempleo.com\/#organization\",\"name\":\"Performa Empleo\",\"url\":\"https:\/\/www.performaempleo.com\/\",\"sameAs\":[\"https:\/\/es-la.facebook.com\/herosoluciones\/\",\"https:\/\/www.linkedin.com\/company\/18165688\/admin\/\"],\"logo\":{\"@type\":\"ImageObject\",\"@id\":\"https:\/\/www.performaempleo.com\/#logo\",\"inLanguage\":\"es\",\"url\":\"https:\/\/www.performaempleo.com\/wp-content\/uploads\/2019\/06\/new-web.jpg\",\"width\":500,\"height\":387,\"caption\":\"Performa Empleo\"},\"image\":{\"@id\":\"https:\/\/www.performaempleo.com\/#logo\"}},{\"@type\":\"WebSite\",\"@id\":\"https:\/\/www.performaempleo.com\/#website\",\"url\":\"https:\/\/www.performaempleo.com\/\",\"name\":\"Performa Empleo\",\"description\":\"Identificadores del talento humano\",\"publisher\":{\"@id\":\"https:\/\/www.performaempleo.com\/#organization\"},\"potentialAction\":[{\"@type\":\"SearchAction\",\"target\":\"https:\/\/www.performaempleo.com\/?s={search_term_string}\",\"query-input\":\"required name=search_term_string\"}],\"inLanguage\":\"es\"},{\"@type\":\"WebPage\",\"@id\":\"https:\/\/www.performaempleo.com\/#webpage\",\"url\":\"https:\/\/www.performaempleo.com\/\",\"name\":\"Performa Empleo Identificadores del talento humano &laquo;\",\"isPartOf\":{\"@id\":\"https:\/\/www.performaempleo.com\/#website\"},\"datePublished\":\"2019-06-14T20:17:45+00:00\",\"dateModified\":\"2019-07-25T00:44:35+00:00\",\"description\":\"te ayudamos a encontrar el emplo ideal para ti, empresas salvadore\\u00f1as buscan tu perfil aplica con nosotros. Eres empresa contrata a trav\\u00e9s de nuestro canal.\",\"inLanguage\":\"es\",\"potentialAction\":[{\"@type\":\"ReadAction\",\"target\":[\"https:\/\/www.performaempleo.com\/\"]}]}]}<\/script>\n<!-- \/ Yoast SEO plugin. -->","_links":{"self":[{"href":"https:\/\/www.performaempleo.com\/index.php?rest_route=\/wp\/v2\/pages\/206"}],"collection":[{"href":"https:\/\/www.performaempleo.com\/index.php?rest_route=\/wp\/v2\/pages"}],"about":[{"href":"https:\/\/www.performaempleo.com\/index.php?rest_route=\/wp\/v2\/types\/page"}],"author":[{"embeddable":true,"href":"https:\/\/www.performaempleo.com\/index.php?rest_route=\/wp\/v2\/users\/2"}],"replies":[{"embeddable":true,"href":"https:\/\/www.performaempleo.com\/index.php?rest_route=%2Fwp%2Fv2%2Fcomments&post=206"}],"version-history":[{"count":35,"href":"https:\/\/www.performaempleo.com\/index.php?rest_route=\/wp\/v2\/pages\/206\/revisions"}],"predecessor-version":[{"id":764,"href":"https:\/\/www.performaempleo.com\/index.php?rest_route=\/wp\/v2\/pages\/206\/revisions\/764"}],"wp:attachment":[{"href":"https:\/\/www.performaempleo.com\/index.php?rest_route=%2Fwp%2Fv2%2Fmedia&parent=206"}],"curies":[{"name":"wp","href":"https:\/\/api.w.org\/{rel}","templated":true}]}}